{"id":4403,"date":"2026-05-06T14:11:06","date_gmt":"2026-05-06T14:11:06","guid":{"rendered":"https:\/\/eldesvandetomaspellicer.com\/?page_id=4403"},"modified":"2026-05-06T14:23:52","modified_gmt":"2026-05-06T14:23:52","slug":"politica-de-privacidad","status":"publish","type":"page","link":"https:\/\/eldesvandetomaspellicer.com\/?page_id=4403","title":{"rendered":"Pol\u00edtica de privacidad"},"content":{"rendered":"\t\t<div data-elementor-type=\"wp-page\" data-elementor-id=\"4403\" class=\"elementor elementor-4403\" data-elementor-post-type=\"page\">\n\t\t\t\t<div class=\"elementor-element elementor-element-dd77b82 e-flex e-con-boxed e-con e-parent\" data-id=\"dd77b82\" data-element_type=\"container\">\n\t\t\t\t\t<div class=\"e-con-inner\">\n\t\t\t\t<div class=\"elementor-element elementor-element-76e4ac9 elementor-widget elementor-widget-heading\" data-id=\"76e4ac9\" data-element_type=\"widget\" data-widget_type=\"heading.default\">\n\t\t\t\t<div class=\"elementor-widget-container\">\n\t\t\t\t\t<h2 class=\"elementor-heading-title elementor-size-default\">Pol\u00edtica de privacidad<\/h2>\t\t\t\t<\/div>\n\t\t\t\t<\/div>\n\t\t\t\t<div class=\"elementor-element elementor-element-5e7ded4 elementor-widget elementor-widget-text-editor\" data-id=\"5e7ded4\" data-element_type=\"widget\" data-widget_type=\"text-editor.default\">\n\t\t\t\t<div class=\"elementor-widget-container\">\n\t\t\t\t\t\t\t\t\t<p data-start=\"51\" data-end=\"224\">En cumplimiento de la normativa vigente en materia de protecci\u00f3n de datos y propiedad intelectual, se informa a los usuarios de este sitio web de las siguientes condiciones:<\/p><p data-start=\"51\" data-end=\"224\">\u00a0<\/p><h4 data-section-id=\"10ez12w\" data-start=\"226\" data-end=\"255\">Titularidad del sitio web<\/h4><p data-start=\"256\" data-end=\"321\">El presente sitio web es titularidad de <strong data-start=\"296\" data-end=\"320\">Tom\u00e1s Pellicer Lorca<\/strong>.<\/p><p data-start=\"256\" data-end=\"321\">\u00a0<\/p><h4 data-section-id=\"pd7hs4\" data-start=\"323\" data-end=\"361\">Propiedad intelectual e industrial<\/h4><p data-start=\"362\" data-end=\"762\">Todos los contenidos presentes en esta web, incluyendo, a t\u00edtulo enunciativo pero no limitativo, textos, im\u00e1genes, dise\u00f1os, logotipos, v\u00eddeos, gr\u00e1ficos, iconos, tipograf\u00edas, c\u00f3digo fuente, elementos audiovisuales, estructura, dise\u00f1o y cualquier otro material o creaci\u00f3n protegida, son propiedad exclusiva de <strong data-start=\"670\" data-end=\"694\">Tom\u00e1s Pellicer Lorca<\/strong>, o bien dispone de los derechos y licencias necesarias para su uso.<\/p><p data-start=\"764\" data-end=\"1075\">Queda expresamente prohibida la reproducci\u00f3n, distribuci\u00f3n, comunicaci\u00f3n p\u00fablica, transformaci\u00f3n, extracci\u00f3n, reutilizaci\u00f3n o cualquier otra forma de explotaci\u00f3n, total o parcial, de los contenidos de esta web, por cualquier medio o soporte, sin la autorizaci\u00f3n previa y por escrito de <strong data-start=\"1050\" data-end=\"1074\">Tom\u00e1s Pellicer Lorca<\/strong>.<\/p><p data-start=\"1077\" data-end=\"1223\">El acceso y navegaci\u00f3n por esta web no implica en ning\u00fan caso la cesi\u00f3n, transmisi\u00f3n o renuncia de derechos de propiedad intelectual o industrial.<\/p><h3 data-section-id=\"hjiznm\" data-start=\"1225\" data-end=\"1248\">\u00a0<\/h3><h4 data-section-id=\"hjiznm\" data-start=\"1225\" data-end=\"1248\">Protecci\u00f3n de datos<\/h4><p data-start=\"1249\" data-end=\"1520\">Los datos personales que pudieran recopilarse a trav\u00e9s de formularios de contacto o medios similares ser\u00e1n tratados de forma confidencial y utilizados \u00fanicamente para la finalidad indicada en cada caso, conforme a la normativa aplicable en materia de protecci\u00f3n de datos.<\/p><p data-start=\"1522\" data-end=\"1696\">Los usuarios podr\u00e1n ejercer sus derechos de acceso, rectificaci\u00f3n, supresi\u00f3n y dem\u00e1s derechos reconocidos por la legislaci\u00f3n vigente contactando con el titular del sitio web.<\/p><h3 data-section-id=\"bpfre6\" data-start=\"1698\" data-end=\"1717\">\u00a0<\/h3><h4 data-section-id=\"bpfre6\" data-start=\"1698\" data-end=\"1717\">Responsabilidad<\/h4><p data-start=\"1718\" data-end=\"1897\">El titular no se hace responsable del uso indebido que terceros puedan realizar de los contenidos de esta web, ni de los da\u00f1os o perjuicios derivados del acceso o uso de la misma.<\/p><h3 data-section-id=\"uykaop\" data-start=\"1899\" data-end=\"1917\">\u00a0<\/h3><h4 data-section-id=\"uykaop\" data-start=\"1899\" data-end=\"1917\">Modificaciones<\/h4><p data-start=\"1918\" data-end=\"2108\" data-is-last-node=\"\" data-is-only-node=\"\"><strong data-start=\"1918\" data-end=\"1942\">Tom\u00e1s Pellicer Lorca<\/strong> se reserva el derecho de modificar en cualquier momento y sin previo aviso el contenido de esta pol\u00edtica, as\u00ed como cualquier otro contenido presente en el sitio web.<\/p>\t\t\t\t\t\t\t\t<\/div>\n\t\t\t\t<\/div>\n\t\t\t\t\t<\/div>\n\t\t\t\t<\/div>\n\t\t\t\t<\/div>\n\t\t","protected":false},"excerpt":{"rendered":"<p>Pol\u00edtica de privacidad En cumplimiento de la normativa vigente en materia de protecci\u00f3n de datos y propiedad intelectual, se informa a los usuarios de este sitio web de las siguientes condiciones: \u00a0 Titularidad del sitio web El presente sitio web es titularidad de Tom\u00e1s Pellicer Lorca. \u00a0 Propiedad intelectual e industrial Todos los contenidos presentes [&hellip;]<\/p>\n","protected":false},"author":1,"featured_media":0,"parent":0,"menu_order":0,"comment_status":"closed","ping_status":"closed","template":"","meta":{"_acf_changed":false,"footnotes":""},"class_list":["post-4403","page","type-page","status-publish","hentry"],"acf":[],"yoast_head":"<!-- This site is optimized with the Yoast SEO plugin v26.3 - https:\/\/yoast.com\/wordpress\/plugins\/seo\/ -->\n<title>Pol\u00edtica de privacidad - El Desv\u00e1n de Tom\u00e1s Pellicer<\/title>\n<meta name=\"robots\" content=\"index, follow, max-snippet:-1, max-image-preview:large, max-video-preview:-1\" \/>\n<link rel=\"canonical\" href=\"https:\/\/eldesvandetomaspellicer.com\/?page_id=4403\" \/>\n<meta property=\"og:locale\" content=\"es_ES\" \/>\n<meta property=\"og:type\" content=\"article\" \/>\n<meta property=\"og:title\" content=\"Pol\u00edtica de privacidad - El Desv\u00e1n de Tom\u00e1s Pellicer\" \/>\n<meta property=\"og:description\" content=\"Pol\u00edtica de privacidad En cumplimiento de la normativa vigente en materia de protecci\u00f3n de datos y propiedad intelectual, se informa a los usuarios de este sitio web de las siguientes condiciones: \u00a0 Titularidad del sitio web El presente sitio web es titularidad de Tom\u00e1s Pellicer Lorca. \u00a0 Propiedad intelectual e industrial Todos los contenidos presentes [&hellip;]\" \/>\n<meta property=\"og:url\" content=\"https:\/\/eldesvandetomaspellicer.com\/?page_id=4403\" \/>\n<meta property=\"og:site_name\" content=\"El Desv\u00e1n de Tom\u00e1s Pellicer\" \/>\n<meta property=\"article:modified_time\" content=\"2026-05-06T14:23:52+00:00\" \/>\n<meta name=\"twitter:card\" content=\"summary_large_image\" \/>\n<meta name=\"twitter:label1\" content=\"Tiempo de lectura\" \/>\n\t<meta name=\"twitter:data1\" content=\"2 minutos\" \/>\n<script type=\"application\/ld+json\" class=\"yoast-schema-graph\">{\"@context\":\"https:\/\/schema.org\",\"@graph\":[{\"@type\":\"WebPage\",\"@id\":\"https:\/\/eldesvandetomaspellicer.com\/?page_id=4403\",\"url\":\"https:\/\/eldesvandetomaspellicer.com\/?page_id=4403\",\"name\":\"Pol\u00edtica de privacidad - El Desv\u00e1n de Tom\u00e1s Pellicer\",\"isPartOf\":{\"@id\":\"https:\/\/eldesvandetomaspellicer.com\/#website\"},\"datePublished\":\"2026-05-06T14:11:06+00:00\",\"dateModified\":\"2026-05-06T14:23:52+00:00\",\"breadcrumb\":{\"@id\":\"https:\/\/eldesvandetomaspellicer.com\/?page_id=4403#breadcrumb\"},\"inLanguage\":\"es\",\"potentialAction\":[{\"@type\":\"ReadAction\",\"target\":[\"https:\/\/eldesvandetomaspellicer.com\/?page_id=4403\"]}]},{\"@type\":\"BreadcrumbList\",\"@id\":\"https:\/\/eldesvandetomaspellicer.com\/?page_id=4403#breadcrumb\",\"itemListElement\":[{\"@type\":\"ListItem\",\"position\":1,\"name\":\"Portada\",\"item\":\"https:\/\/eldesvandetomaspellicer.com\/\"},{\"@type\":\"ListItem\",\"position\":2,\"name\":\"Pol\u00edtica de privacidad\"}]},{\"@type\":\"WebSite\",\"@id\":\"https:\/\/eldesvandetomaspellicer.com\/#website\",\"url\":\"https:\/\/eldesvandetomaspellicer.com\/\",\"name\":\"El Desv\u00e1n de Tom\u00e1s Pellicer\",\"description\":\"Arqueolog\u00eda Oftalmol\u00f3gica\",\"publisher\":{\"@id\":\"https:\/\/eldesvandetomaspellicer.com\/#organization\"},\"potentialAction\":[{\"@type\":\"SearchAction\",\"target\":{\"@type\":\"EntryPoint\",\"urlTemplate\":\"https:\/\/eldesvandetomaspellicer.com\/?s={search_term_string}\"},\"query-input\":{\"@type\":\"PropertyValueSpecification\",\"valueRequired\":true,\"valueName\":\"search_term_string\"}}],\"inLanguage\":\"es\"},{\"@type\":\"Organization\",\"@id\":\"https:\/\/eldesvandetomaspellicer.com\/#organization\",\"name\":\"El Desv\u00e1n de Tom\u00e1s Pellicer\",\"url\":\"https:\/\/eldesvandetomaspellicer.com\/\",\"logo\":{\"@type\":\"ImageObject\",\"inLanguage\":\"es\",\"@id\":\"https:\/\/eldesvandetomaspellicer.com\/#\/schema\/logo\/image\/\",\"url\":\"https:\/\/eldesvandetomaspellicer.com\/wp-content\/uploads\/2024\/07\/LOGO.svg\",\"contentUrl\":\"https:\/\/eldesvandetomaspellicer.com\/wp-content\/uploads\/2024\/07\/LOGO.svg\",\"width\":54,\"height\":27,\"caption\":\"El Desv\u00e1n de Tom\u00e1s Pellicer\"},\"image\":{\"@id\":\"https:\/\/eldesvandetomaspellicer.com\/#\/schema\/logo\/image\/\"}}]}<\/script>\n<!-- \/ Yoast SEO plugin. -->","yoast_head_json":{"title":"Pol\u00edtica de privacidad - El Desv\u00e1n de Tom\u00e1s Pellicer","robots":{"index":"index","follow":"follow","max-snippet":"max-snippet:-1","max-image-preview":"max-image-preview:large","max-video-preview":"max-video-preview:-1"},"canonical":"https:\/\/eldesvandetomaspellicer.com\/?page_id=4403","og_locale":"es_ES","og_type":"article","og_title":"Pol\u00edtica de privacidad - El Desv\u00e1n de Tom\u00e1s Pellicer","og_description":"Pol\u00edtica de privacidad En cumplimiento de la normativa vigente en materia de protecci\u00f3n de datos y propiedad intelectual, se informa a los usuarios de este sitio web de las siguientes condiciones: \u00a0 Titularidad del sitio web El presente sitio web es titularidad de Tom\u00e1s Pellicer Lorca. \u00a0 Propiedad intelectual e industrial Todos los contenidos presentes [&hellip;]","og_url":"https:\/\/eldesvandetomaspellicer.com\/?page_id=4403","og_site_name":"El Desv\u00e1n de Tom\u00e1s Pellicer","article_modified_time":"2026-05-06T14:23:52+00:00","twitter_card":"summary_large_image","twitter_misc":{"Tiempo de lectura":"2 minutos"},"schema":{"@context":"https:\/\/schema.org","@graph":[{"@type":"WebPage","@id":"https:\/\/eldesvandetomaspellicer.com\/?page_id=4403","url":"https:\/\/eldesvandetomaspellicer.com\/?page_id=4403","name":"Pol\u00edtica de privacidad - El Desv\u00e1n de Tom\u00e1s Pellicer","isPartOf":{"@id":"https:\/\/eldesvandetomaspellicer.com\/#website"},"datePublished":"2026-05-06T14:11:06+00:00","dateModified":"2026-05-06T14:23:52+00:00","breadcrumb":{"@id":"https:\/\/eldesvandetomaspellicer.com\/?page_id=4403#breadcrumb"},"inLanguage":"es","potentialAction":[{"@type":"ReadAction","target":["https:\/\/eldesvandetomaspellicer.com\/?page_id=4403"]}]},{"@type":"BreadcrumbList","@id":"https:\/\/eldesvandetomaspellicer.com\/?page_id=4403#breadcrumb","itemListElement":[{"@type":"ListItem","position":1,"name":"Portada","item":"https:\/\/eldesvandetomaspellicer.com\/"},{"@type":"ListItem","position":2,"name":"Pol\u00edtica de privacidad"}]},{"@type":"WebSite","@id":"https:\/\/eldesvandetomaspellicer.com\/#website","url":"https:\/\/eldesvandetomaspellicer.com\/","name":"El Desv\u00e1n de Tom\u00e1s Pellicer","description":"Arqueolog\u00eda Oftalmol\u00f3gica","publisher":{"@id":"https:\/\/eldesvandetomaspellicer.com\/#organization"},"potentialAction":[{"@type":"SearchAction","target":{"@type":"EntryPoint","urlTemplate":"https:\/\/eldesvandetomaspellicer.com\/?s={search_term_string}"},"query-input":{"@type":"PropertyValueSpecification","valueRequired":true,"valueName":"search_term_string"}}],"inLanguage":"es"},{"@type":"Organization","@id":"https:\/\/eldesvandetomaspellicer.com\/#organization","name":"El Desv\u00e1n de Tom\u00e1s Pellicer","url":"https:\/\/eldesvandetomaspellicer.com\/","logo":{"@type":"ImageObject","inLanguage":"es","@id":"https:\/\/eldesvandetomaspellicer.com\/#\/schema\/logo\/image\/","url":"https:\/\/eldesvandetomaspellicer.com\/wp-content\/uploads\/2024\/07\/LOGO.svg","contentUrl":"https:\/\/eldesvandetomaspellicer.com\/wp-content\/uploads\/2024\/07\/LOGO.svg","width":54,"height":27,"caption":"El Desv\u00e1n de Tom\u00e1s Pellicer"},"image":{"@id":"https:\/\/eldesvandetomaspellicer.com\/#\/schema\/logo\/image\/"}}]}},"_links":{"self":[{"href":"https:\/\/eldesvandetomaspellicer.com\/index.php?rest_route=\/wp\/v2\/pages\/4403","targetHints":{"allow":["GET"]}}],"collection":[{"href":"https:\/\/eldesvandetomaspellicer.com\/index.php?rest_route=\/wp\/v2\/pages"}],"about":[{"href":"https:\/\/eldesvandetomaspellicer.com\/index.php?rest_route=\/wp\/v2\/types\/page"}],"author":[{"embeddable":true,"href":"https:\/\/eldesvandetomaspellicer.com\/index.php?rest_route=\/wp\/v2\/users\/1"}],"replies":[{"embeddable":true,"href":"https:\/\/eldesvandetomaspellicer.com\/index.php?rest_route=%2Fwp%2Fv2%2Fcomments&post=4403"}],"version-history":[{"count":10,"href":"https:\/\/eldesvandetomaspellicer.com\/index.php?rest_route=\/wp\/v2\/pages\/4403\/revisions"}],"predecessor-version":[{"id":4415,"href":"https:\/\/eldesvandetomaspellicer.com\/index.php?rest_route=\/wp\/v2\/pages\/4403\/revisions\/4415"}],"wp:attachment":[{"href":"https:\/\/eldesvandetomaspellicer.com\/index.php?rest_route=%2Fwp%2Fv2%2Fmedia&parent=4403"}],"curies":[{"name":"wp","href":"https:\/\/api.w.org\/{rel}","templated":true}]}}